{"id":173,"date":"2016-11-11T08:02:58","date_gmt":"2016-11-11T08:02:58","guid":{"rendered":"http:\/\/ld-wp.template-help.com\/wordpress_63582-sample\/?page_id=173"},"modified":"2022-03-14T13:33:36","modified_gmt":"2022-03-14T16:33:36","slug":"home","status":"publish","type":"page","link":"https:\/\/www.idea-technologies.com\/site\/pt_br\/","title":{"rendered":"Home"},"content":{"rendered":"<p>19 ANOS OFERECENDO TECNOLOGIA Junte-se a milhares de clientes que confiam em nossos servi\u00e7os, feitos com qualidade e garantia. Solu\u00e7\u00f5es para o seu neg\u00f3cio Concretizando sistemas para internet e intranets que agregam caracteri\u0301sticas que garantem qualidade superior e diferenciada. 24 horas por dia, 7 dias por semana! Venda os produtos da sua empresa com Seguranc\u0327a, Confiabilidade, Consiste\u0302ncia e Disponibilidade. Nossa equipe desenvolve com os mais sofisticados softwares, procurando dar aos nossos clientes a mais perfeita realidade virtual. Possu\u00edmos os melhores prec\u0327os e soluc\u0327o\u0303es de equipamentos que sua Empresa necessita. Na venda ou na locac\u0327a\u0303o, oferecemos equipamentos de ponta com garantia e assiste\u0302ncia te\u0301cnica. Nossos profissionais aplicam as melhores pra\u0301ticas na Engenharia de Software, produzindo mais e com eficie\u0302ncia. Os resultados sa\u0303o projetos bem sucedidos com custos reduzidos. Contrate os mais qualificados profissionais no ramo de TI. Terceirize sua m\u00e3o de obra com a Idea Inform\u00e1tica! Fale conosco para maiores informa\u00e7\u00f5es. O mais completo software para Redirecionadores de Encomendas e Personal Shoppers! Plataforma de gest\u00e3o 100% online para controlar seu Business. Milhares de funcionalidades prontas para controlar seu Laborat\u00f3rio. VetCloud \u00e9 um sistema multi-plataforma e possui todos os seus m\u00f3dulos integrados com um visual clean, tecnol\u00f3gico e adapt\u00e1vel a qualquer tipo de dispositivo. Acesse de onde quiser e quando quiser. Disponibilize seus produtos de forma f\u00e1cil e segura atrav\u00e9s da internet. Receba pedidos com praticidade e organiza\u00e7\u00e3o. Conquiste mais clientes com esta ferramenta poderosa! O QUE DIZEM NOSSOS CLIENTES Fale Conosco Seja Tecnol\u00f3gico! Existem apenas duas formas para agregar valores a sua empresa, Marketing e Inova\u00e7\u00e3o TECNOL\u00d3GICA! Todo o resto s\u00e3o custos.&#8221; ( Peter Drucker ) Seja Tecnol\u00f3gico Apenas existem duas <a href=\"https:\/\/www.idea-technologies.com\/site\/pt_br\/\" title=\"Read more on Home\" class=\"more-link\">read more<\/a><\/p>\n","protected":false},"excerpt":{"rendered":"<p>19 ANOS OFERECENDO TECNOLOGIA Junte-se a milhares de clientes que confiam em nossos servi\u00e7os, feitos com qualidade e garantia. Solu\u00e7\u00f5es para o seu neg\u00f3cio Concretizando sistemas para internet e intranets que agregam caracteri\u0301sticas que garantem qualidade superior e diferenciada. 24 horas por dia, 7 dias por semana! Venda os produtos da sua empresa com Seguranc\u0327a, &hellip;<\/p>\n","protected":false},"author":1,"featured_media":0,"parent":0,"menu_order":0,"comment_status":"closed","ping_status":"closed","template":"","meta":{"_vp_format_video_url":"","_vp_image_focal_point":[],"footnotes":""},"class_list":["post-173","page","type-page","status-publish","hentry","no-thumb"],"_links":{"self":[{"href":"https:\/\/www.idea-technologies.com\/site\/pt_br\/wp-json\/wp\/v2\/pages\/173","targetHints":{"allow":["GET"]}}],"collection":[{"href":"https:\/\/www.idea-technologies.com\/site\/pt_br\/wp-json\/wp\/v2\/pages"}],"about":[{"href":"https:\/\/www.idea-technologies.com\/site\/pt_br\/wp-json\/wp\/v2\/types\/page"}],"author":[{"embeddable":true,"href":"https:\/\/www.idea-technologies.com\/site\/pt_br\/wp-json\/wp\/v2\/users\/1"}],"replies":[{"embeddable":true,"href":"https:\/\/www.idea-technologies.com\/site\/pt_br\/wp-json\/wp\/v2\/comments?post=173"}],"version-history":[{"count":3,"href":"https:\/\/www.idea-technologies.com\/site\/pt_br\/wp-json\/wp\/v2\/pages\/173\/revisions"}],"predecessor-version":[{"id":1970,"href":"https:\/\/www.idea-technologies.com\/site\/pt_br\/wp-json\/wp\/v2\/pages\/173\/revisions\/1970"}],"wp:attachment":[{"href":"https:\/\/www.idea-technologies.com\/site\/pt_br\/wp-json\/wp\/v2\/media?parent=173"}],"curies":[{"name":"wp","href":"https:\/\/api.w.org\/{rel}","templated":true}]}}