{"id":561,"date":"2016-11-22T10:05:21","date_gmt":"2016-11-22T10:05:21","guid":{"rendered":"http:\/\/ld-wp.template-help.com\/wordpress_63582-sample\/?page_id=561"},"modified":"2018-06-12T22:16:44","modified_gmt":"2018-06-13T01:16:44","slug":"casosdesucesso","status":"publish","type":"page","link":"https:\/\/www.idea-technologies.com\/site\/en\/casosdesucesso\/","title":{"rendered":"Cases of Success"},"content":{"rendered":"<p>TEMOS AS MELHORES SOLU\u00c7\u00d5ES Nossos Clientes Nossos resultados recentes Clientes j\u00e1 atendidos<\/p>","protected":false},"excerpt":{"rendered":"<p>TEMOS AS MELHORES SOLU\u00c7\u00d5ES Nossos Clientes Nossos resultados recentes Clientes j\u00e1 atendidos<\/p>","protected":false},"author":1,"featured_media":0,"parent":0,"menu_order":0,"comment_status":"closed","ping_status":"closed","template":"","meta":{"_vp_format_video_url":"","_vp_image_focal_point":[],"footnotes":""},"class_list":["post-561","page","type-page","status-publish","hentry","no-thumb"],"_links":{"self":[{"href":"https:\/\/www.idea-technologies.com\/site\/en\/wp-json\/wp\/v2\/pages\/561","targetHints":{"allow":["GET"]}}],"collection":[{"href":"https:\/\/www.idea-technologies.com\/site\/en\/wp-json\/wp\/v2\/pages"}],"about":[{"href":"https:\/\/www.idea-technologies.com\/site\/en\/wp-json\/wp\/v2\/types\/page"}],"author":[{"embeddable":true,"href":"https:\/\/www.idea-technologies.com\/site\/en\/wp-json\/wp\/v2\/users\/1"}],"replies":[{"embeddable":true,"href":"https:\/\/www.idea-technologies.com\/site\/en\/wp-json\/wp\/v2\/comments?post=561"}],"version-history":[{"count":0,"href":"https:\/\/www.idea-technologies.com\/site\/en\/wp-json\/wp\/v2\/pages\/561\/revisions"}],"wp:attachment":[{"href":"https:\/\/www.idea-technologies.com\/site\/en\/wp-json\/wp\/v2\/media?parent=561"}],"curies":[{"name":"wp","href":"https:\/\/api.w.org\/{rel}","templated":true}]}}