{"id":341,"date":"2016-11-16T15:22:58","date_gmt":"2016-11-16T15:22:58","guid":{"rendered":"http:\/\/ld-wp.template-help.com\/wordpress_63582-sample\/?page_id=341"},"modified":"2022-03-14T01:21:41","modified_gmt":"2022-03-14T04:21:41","slug":"sobre","status":"publish","type":"page","link":"https:\/\/www.idea-technologies.com\/site\/en\/sobre\/","title":{"rendered":"About"},"content":{"rendered":"<p>Sobre a IDEA A\u00a0Idea informa\u0301tica\u00a0e\u0301 uma empresa especializada na a\u0301rea de TI desde\u00a02003, atuando no mercado com responsabilidade e idoneidade, sempre procurando atender a necessidade do cliente. \u00a0 \u00a0Nosso objetivo \u00e9 prestar servic\u0327os de TI com a mais alta tecnologia e qualidade de servic\u0327os, integrando a tecnologia da empresa ao cliente em um ambiente totalmente digital. \u00a0 \u00a0Nossa maior preocupac\u0327a\u0303o e\u0301 manter o cliente desocupado com a a\u0301rea que simplesmente ira servir de suporte tecnolo\u0301gico para execuc\u0327a\u0303o de seus servic\u0327os. N\u00f3s garantimos a entrega e continuidade de nossos servi\u00e7os. Estamos no mercado de tecnologia a mais de 16 anos. Nossos profissionais s\u00e3o qualificados e certificados nas melhores institui\u00e7\u00f5es de ensino. Garantindo assim servi\u00e7os executados com qualidade. Somos modernos! Vendemos tecnologia e estamos sempre atualizados com as novidades do mercado. PORQUE ESCOLHER A IDEA? Mais de 16 anos de experi\u00eancia no ramo tecnol\u00f3gico. Competitivos pre\u00e7os e Flex\u00edveis servi\u00e7os. T\u00e9cnologia de pontas para atender nossos clientes. Excelente suporte e treinamentos. 24\/7 horas por dia.<\/p>","protected":false},"excerpt":{"rendered":"<p>Sobre a IDEA A\u00a0Idea informa\u0301tica\u00a0e\u0301 uma empresa especializada na a\u0301rea de TI desde\u00a02003, atuando no mercado com responsabilidade e idoneidade, sempre procurando atender a necessidade do cliente. \u00a0 \u00a0Nosso objetivo \u00e9 prestar servic\u0327os de TI com a mais alta tecnologia e qualidade de servic\u0327os, integrando a tecnologia da empresa ao cliente em um ambiente totalmente &hellip;<\/p>","protected":false},"author":1,"featured_media":0,"parent":0,"menu_order":0,"comment_status":"closed","ping_status":"closed","template":"","meta":{"_vp_format_video_url":"","_vp_image_focal_point":[],"footnotes":""},"class_list":["post-341","page","type-page","status-publish","hentry","no-thumb"],"_links":{"self":[{"href":"https:\/\/www.idea-technologies.com\/site\/en\/wp-json\/wp\/v2\/pages\/341","targetHints":{"allow":["GET"]}}],"collection":[{"href":"https:\/\/www.idea-technologies.com\/site\/en\/wp-json\/wp\/v2\/pages"}],"about":[{"href":"https:\/\/www.idea-technologies.com\/site\/en\/wp-json\/wp\/v2\/types\/page"}],"author":[{"embeddable":true,"href":"https:\/\/www.idea-technologies.com\/site\/en\/wp-json\/wp\/v2\/users\/1"}],"replies":[{"embeddable":true,"href":"https:\/\/www.idea-technologies.com\/site\/en\/wp-json\/wp\/v2\/comments?post=341"}],"version-history":[{"count":2,"href":"https:\/\/www.idea-technologies.com\/site\/en\/wp-json\/wp\/v2\/pages\/341\/revisions"}],"predecessor-version":[{"id":1951,"href":"https:\/\/www.idea-technologies.com\/site\/en\/wp-json\/wp\/v2\/pages\/341\/revisions\/1951"}],"wp:attachment":[{"href":"https:\/\/www.idea-technologies.com\/site\/en\/wp-json\/wp\/v2\/media?parent=341"}],"curies":[{"name":"wp","href":"https:\/\/api.w.org\/{rel}","templated":true}]}}